{"id":3765,"date":"2025-10-22T17:36:45","date_gmt":"2025-10-22T17:36:45","guid":{"rendered":"https:\/\/albanify.com\/?page_id=3765"},"modified":"2026-01-19T19:50:16","modified_gmt":"2026-01-19T19:50:16","slug":"nature-gjirokaster","status":"publish","type":"page","link":"https:\/\/albanify.com\/en\/visit-gjirokaster\/nature-gjirokaster\/","title":{"rendered":"Nature"},"content":{"rendered":"\t\t<div data-elementor-type=\"wp-page\" data-elementor-id=\"3765\" class=\"elementor elementor-3765\" data-elementor-post-type=\"page\">\n\t\t\t\t<div class=\"elementor-element elementor-element-981709d e-grid e-con-boxed e-con e-parent\" data-id=\"981709d\" data-element_type=\"container\" data-e-type=\"container\">\n\t\t\t\t\t<div class=\"e-con-inner\">\n\t\t<div class=\"elementor-element elementor-element-1bd09df e-con-full e-flex e-con e-child\" data-id=\"1bd09df\" data-element_type=\"container\" data-e-type=\"container\" data-settings=\"{&quot;background_background&quot;:&quot;classic&quot;}\">\n\t\t\t\t<\/div>\n\t\t<div class=\"elementor-element elementor-element-a9ea661 e-con-full e-flex e-con e-child\" data-id=\"a9ea661\" data-element_type=\"container\" data-e-type=\"container\" data-settings=\"{&quot;background_background&quot;:&quot;classic&quot;}\">\n\t\t\t\t<\/div>\n\t\t\t\t\t<\/div>\n\t\t\t\t<\/div>\n\t\t<div class=\"elementor-element elementor-element-1bdaf78 e-flex e-con-boxed e-con e-parent\" data-id=\"1bdaf78\" data-element_type=\"container\" data-e-type=\"container\">\n\t\t\t\t\t<div class=\"e-con-inner\">\n\t\t<div class=\"elementor-element elementor-element-fb99048 e-con-full e-flex e-con e-child\" data-id=\"fb99048\" data-element_type=\"container\" data-e-type=\"container\" data-settings=\"{&quot;background_background&quot;:&quot;classic&quot;}\">\n\t\t\t\t<div class=\"elementor-element elementor-element-7d1cf11 elementor-widget elementor-widget-heading\" data-id=\"7d1cf11\" data-element_type=\"widget\" data-e-type=\"widget\" data-widget_type=\"heading.default\">\n\t\t\t\t<div class=\"elementor-widget-container\">\n\t\t\t\t\t<h2 class=\"elementor-heading-title elementor-size-default\">Magjia e natyr\u00ebs mes maleve dhe lumenjve t\u00eb Gjirokastr\u00ebs<\/h2>\t\t\t\t<\/div>\n\t\t\t\t<\/div>\n\t\t\t\t<div class=\"elementor-element elementor-element-1aa1be3 elementor-widget elementor-widget-text-editor\" data-id=\"1aa1be3\" data-element_type=\"widget\" data-e-type=\"widget\" data-widget_type=\"text-editor.default\">\n\t\t\t\t<div class=\"elementor-widget-container\">\n\t\t\t\t\t\t\t\t\t<p>Rrethuar nga male madh\u00ebshtore dhe uj\u00ebra kristal, \u00e7do peizazh \u00ebsht\u00eb nj\u00eb ftes\u00eb p\u00ebr qet\u00ebsi, aventur\u00eb dhe lidhje me bukurin\u00eb e paprekur t\u00eb jugut.<\/p>\t\t\t\t\t\t\t\t<\/div>\n\t\t\t\t<\/div>\n\t\t\t\t<\/div>\n\t\t\t\t\t<\/div>\n\t\t\t\t<\/div>\n\t\t<div class=\"elementor-element elementor-element-db0a286 e-flex e-con-boxed e-con e-parent\" data-id=\"db0a286\" data-element_type=\"container\" data-e-type=\"container\">\n\t\t\t\t\t<div class=\"e-con-inner\">\n\t\t\t\t<div class=\"elementor-element elementor-element-336d5bb elementor-grid-1 elementor-grid-tablet-2 elementor-grid-mobile-1 elementor-widget elementor-widget-loop-grid\" data-id=\"336d5bb\" data-element_type=\"widget\" data-e-type=\"widget\" data-settings=\"{&quot;template_id&quot;:&quot;2116&quot;,&quot;columns&quot;:1,&quot;_skin&quot;:&quot;post&quot;,&quot;columns_tablet&quot;:&quot;2&quot;,&quot;columns_mobile&quot;:&quot;1&quot;,&quot;edit_handle_selector&quot;:&quot;[data-elementor-type=\\&quot;loop-item\\&quot;]&quot;,&quot;row_gap&quot;:{&quot;unit&quot;:&quot;px&quot;,&quot;size&quot;:&quot;&quot;,&quot;sizes&quot;:[]},&quot;row_gap_tablet&quot;:{&quot;unit&quot;:&quot;px&quot;,&quot;size&quot;:&quot;&quot;,&quot;sizes&quot;:[]},&quot;row_gap_mobile&quot;:{&quot;unit&quot;:&quot;px&quot;,&quot;size&quot;:&quot;&quot;,&quot;sizes&quot;:[]}}\" data-widget_type=\"loop-grid.post\">\n\t\t\t\t<div class=\"elementor-widget-container\">\n\t\t\t\t\t\t\t<div class=\"e-loop-nothing-found-message\">\n\t\t\t\t\t<div class=\"e-loop-nothing-found-message__text\">\n\t\t\t\tIt seems we can\u2019t find what you\u2019re looking for.\t\t\t<\/div>\n\t\t\t<\/div>\n\t\t\t\t\t\t<\/div>\n\t\t\t\t<\/div>\n\t\t\t\t\t<\/div>\n\t\t\t\t<\/div>\n\t\t<div class=\"elementor-element elementor-element-257089a e-flex e-con-boxed e-con e-parent\" data-id=\"257089a\" data-element_type=\"container\" data-e-type=\"container\">\n\t\t\t\t\t<div class=\"e-con-inner\">\n\t\t\t\t<div class=\"elementor-element elementor-element-741f4ba elementor-widget elementor-widget-heading\" data-id=\"741f4ba\" data-element_type=\"widget\" data-e-type=\"widget\" data-widget_type=\"heading.default\">\n\t\t\t\t<div class=\"elementor-widget-container\">\n\t\t\t\t\t<h3 class=\"elementor-heading-title elementor-size-default\">Pas \u00e7do aventure, ju pret nj\u00eb vend p\u00ebr t\u00eb pushuar\n<\/h3>\t\t\t\t<\/div>\n\t\t\t\t<\/div>\n\t\t\t\t<div class=\"elementor-element elementor-element-007247c elementor-widget elementor-widget-text-editor\" data-id=\"007247c\" data-element_type=\"widget\" data-e-type=\"widget\" data-widget_type=\"text-editor.default\">\n\t\t\t\t<div class=\"elementor-widget-container\">\n\t\t\t\t\t\t\t\t\t<p>Zbuloni akomodimet tona m\u00eb t\u00eb mira dhe rezervoni q\u00ebndrimin tuaj.<\/p>\t\t\t\t\t\t\t\t<\/div>\n\t\t\t\t<\/div>\n\t\t\t\t\t<\/div>\n\t\t\t\t<\/div>\n\t\t<div class=\"elementor-element elementor-element-8063896 e-flex e-con-boxed e-con e-parent\" data-id=\"8063896\" data-element_type=\"container\" data-e-type=\"container\">\n\t\t\t\t\t<div class=\"e-con-inner\">\n\t\t\t\t<div class=\"elementor-element elementor-element-6d1a2a8 elementor-pagination-type-bullets elementor-pagination-position-outside elementor-widget elementor-widget-loop-carousel\" data-id=\"6d1a2a8\" data-element_type=\"widget\" data-e-type=\"widget\" data-settings=\"{&quot;template_id&quot;:2240,&quot;_skin&quot;:&quot;post&quot;,&quot;slides_to_show&quot;:&quot;3&quot;,&quot;slides_to_show_tablet&quot;:&quot;2&quot;,&quot;slides_to_show_mobile&quot;:&quot;1&quot;,&quot;slides_to_scroll&quot;:&quot;1&quot;,&quot;edit_handle_selector&quot;:&quot;.elementor-loop-container&quot;,&quot;autoplay&quot;:&quot;yes&quot;,&quot;autoplay_speed&quot;:5000,&quot;pause_on_hover&quot;:&quot;yes&quot;,&quot;pause_on_interaction&quot;:&quot;yes&quot;,&quot;infinite&quot;:&quot;yes&quot;,&quot;speed&quot;:500,&quot;offset_sides&quot;:&quot;none&quot;,&quot;pagination&quot;:&quot;bullets&quot;,&quot;image_spacing_custom&quot;:{&quot;unit&quot;:&quot;px&quot;,&quot;size&quot;:10,&quot;sizes&quot;:[]},&quot;image_spacing_custom_tablet&quot;:{&quot;unit&quot;:&quot;px&quot;,&quot;size&quot;:&quot;&quot;,&quot;sizes&quot;:[]},&quot;image_spacing_custom_mobile&quot;:{&quot;unit&quot;:&quot;px&quot;,&quot;size&quot;:&quot;&quot;,&quot;sizes&quot;:[]}}\" data-widget_type=\"loop-carousel.post\">\n\t\t\t\t<div class=\"elementor-widget-container\">\n\t\t\t\t\t\t\t<div class=\"e-loop-nothing-found-message\">\n\t\t<\/div>\n\t\t\t\t\t\t<\/div>\n\t\t\t\t<\/div>\n\t\t<div class=\"elementor-element elementor-element-5e5f8d0 e-con-full e-flex e-con e-child\" data-id=\"5e5f8d0\" data-element_type=\"container\" data-e-type=\"container\">\n\t\t\t\t<div class=\"elementor-element elementor-element-40cb368 elementor-align-center animated-slow elementor-invisible elementor-widget elementor-widget-button\" data-id=\"40cb368\" data-element_type=\"widget\" data-e-type=\"widget\" data-settings=\"{&quot;_animation&quot;:&quot;fadeIn&quot;}\" data-widget_type=\"button.default\">\n\t\t\t\t<div class=\"elementor-widget-container\">\n\t\t\t\t\t\t\t\t\t<div class=\"elementor-button-wrapper\">\n\t\t\t\t\t<a class=\"elementor-button elementor-button-link elementor-size-sm\" href=\"https:\/\/albanify.com\/visit-gjirokaster\/hotel-hostel-guest-house-apartments-gjirokaster\/\">\n\t\t\t\t\t\t<span class=\"elementor-button-content-wrapper\">\n\t\t\t\t\t\t\t\t\t<span class=\"elementor-button-text\">Lexo m\u00eb shum\u00eb <\/span>\n\t\t\t\t\t<\/span>\n\t\t\t\t\t<\/a>\n\t\t\t\t<\/div>\n\t\t\t\t\t\t\t\t<\/div>\n\t\t\t\t<\/div>\n\t\t\t\t<\/div>\n\t\t\t\t\t<\/div>\n\t\t\t\t<\/div>\n\t\t\t\t<\/div>\n\t\t","protected":false},"excerpt":{"rendered":"<p>Magjia e natyr\u00ebs mes maleve dhe lumenjve t\u00eb Gjirokastr\u00ebs Rrethuar nga male madh\u00ebshtore dhe uj\u00ebra kristal, \u00e7do peizazh \u00ebsht\u00eb nj\u00eb [&hellip;]<\/p>\n","protected":false},"author":1,"featured_media":0,"parent":3686,"menu_order":0,"comment_status":"closed","ping_status":"closed","template":"","meta":{"_acf_changed":false,"site-sidebar-layout":"no-sidebar","site-content-layout":"","ast-site-content-layout":"full-width-container","site-content-style":"default","site-sidebar-style":"default","ast-global-header-display":"","ast-banner-title-visibility":"","ast-main-header-display":"","ast-hfb-above-header-display":"","ast-hfb-below-header-display":"","ast-hfb-mobile-header-display":"","site-post-title":"disabled","ast-breadcrumbs-content":"","ast-featured-img":"disabled","footer-sml-layout":"","ast-disable-related-posts":"","theme-transparent-header-meta":"enabled","adv-header-id-meta":"","stick-header-meta":"","header-above-stick-meta":"","header-main-stick-meta":"","header-below-stick-meta":"","astra-migrate-meta-layouts":"default","ast-page-background-enabled":"default","ast-page-background-meta":{"desktop":{"background-color":"var(--ast-global-color-4)","background-image":"","background-repeat":"repeat","background-position":"center center","background-size":"auto","background-attachment":"scroll","background-type":"","background-media":"","overlay-type":"","overlay-color":"","overlay-opacity":"","overlay-gradient":""},"tablet":{"background-color":"","background-image":"","background-repeat":"repeat","background-position":"center center","background-size":"auto","background-attachment":"scroll","background-type":"","background-media":"","overlay-type":"","overlay-color":"","overlay-opacity":"","overlay-gradient":""},"mobile":{"background-color":"","background-image":"","background-repeat":"repeat","background-position":"center center","background-size":"auto","background-attachment":"scroll","background-type":"","background-media":"","overlay-type":"","overlay-color":"","overlay-opacity":"","overlay-gradient":""}},"ast-content-background-meta":{"desktop":{"background-color":"var(--ast-global-color-5)","background-image":"","background-repeat":"repeat","background-position":"center center","background-size":"auto","background-attachment":"scroll","background-type":"","background-media":"","overlay-type":"","overlay-color":"","overlay-opacity":"","overlay-gradient":""},"tablet":{"background-color":"var(--ast-global-color-5)","background-image":"","background-repeat":"repeat","background-position":"center center","background-size":"auto","background-attachment":"scroll","background-type":"","background-media":"","overlay-type":"","overlay-color":"","overlay-opacity":"","overlay-gradient":""},"mobile":{"background-color":"var(--ast-global-color-5)","background-image":"","background-repeat":"repeat","background-position":"center center","background-size":"auto","background-attachment":"scroll","background-type":"","background-media":"","overlay-type":"","overlay-color":"","overlay-opacity":"","overlay-gradient":""}},"footnotes":""},"class_list":["post-3765","page","type-page","status-publish","hentry"],"acf":[],"yoast_head":"<!-- This site is optimized with the Yoast SEO plugin v27.3 - https:\/\/yoast.com\/product\/yoast-seo-wordpress\/ -->\n<title>Nature - Gjirokast\u00ebr - Albanify.com<\/title>\n<meta name=\"robots\" content=\"index, follow, max-snippet:-1, max-image-preview:large, max-video-preview:-1\" \/>\n<link rel=\"canonical\" href=\"https:\/\/albanify.com\/en\/visit-gjirokaster\/nature-gjirokaster\/\" \/>\n<meta property=\"og:locale\" content=\"en_US\" \/>\n<meta property=\"og:type\" content=\"article\" \/>\n<meta property=\"og:title\" content=\"Nature - Gjirokast\u00ebr - Albanify.com\" \/>\n<meta property=\"og:description\" content=\"Magjia e natyr\u00ebs mes maleve dhe lumenjve t\u00eb Gjirokastr\u00ebs Rrethuar nga male madh\u00ebshtore dhe uj\u00ebra kristal, \u00e7do peizazh \u00ebsht\u00eb nj\u00eb [&hellip;]\" \/>\n<meta property=\"og:url\" content=\"https:\/\/albanify.com\/en\/visit-gjirokaster\/nature-gjirokaster\/\" \/>\n<meta property=\"article:modified_time\" content=\"2026-01-19T19:50:16+00:00\" \/>\n<meta property=\"og:image\" content=\"https:\/\/albanify.com\/wp-content\/uploads\/2025\/11\/logo.webp\" \/>\n\t<meta property=\"og:image:width\" content=\"1202\" \/>\n\t<meta property=\"og:image:height\" content=\"288\" \/>\n\t<meta property=\"og:image:type\" content=\"image\/webp\" \/>\n<meta name=\"twitter:card\" content=\"summary_large_image\" \/>\n<meta name=\"twitter:label1\" content=\"Est. reading time\" \/>\n\t<meta name=\"twitter:data1\" content=\"1 minute\" \/>\n<script type=\"application\/ld+json\" class=\"yoast-schema-graph\">{\"@context\":\"https:\\\/\\\/schema.org\",\"@graph\":[{\"@type\":\"WebPage\",\"@id\":\"https:\\\/\\\/albanify.com\\\/visit-gjirokaster\\\/nature-gjirokaster\\\/\",\"url\":\"https:\\\/\\\/albanify.com\\\/visit-gjirokaster\\\/nature-gjirokaster\\\/\",\"name\":\"Nature - Gjirokast\u00ebr - Albanify.com\",\"isPartOf\":{\"@id\":\"https:\\\/\\\/albanify.com\\\/#website\"},\"datePublished\":\"2025-10-22T17:36:45+00:00\",\"dateModified\":\"2026-01-19T19:50:16+00:00\",\"breadcrumb\":{\"@id\":\"https:\\\/\\\/albanify.com\\\/visit-gjirokaster\\\/nature-gjirokaster\\\/#breadcrumb\"},\"inLanguage\":\"en-US\",\"potentialAction\":[{\"@type\":\"ReadAction\",\"target\":[\"https:\\\/\\\/albanify.com\\\/visit-gjirokaster\\\/nature-gjirokaster\\\/\"]}]},{\"@type\":\"BreadcrumbList\",\"@id\":\"https:\\\/\\\/albanify.com\\\/visit-gjirokaster\\\/nature-gjirokaster\\\/#breadcrumb\",\"itemListElement\":[{\"@type\":\"ListItem\",\"position\":1,\"name\":\"Home\",\"item\":\"https:\\\/\\\/albanify.com\\\/\"},{\"@type\":\"ListItem\",\"position\":2,\"name\":\"Gjirokaster\",\"item\":\"https:\\\/\\\/albanify.com\\\/visit-gjirokaster\\\/\"},{\"@type\":\"ListItem\",\"position\":3,\"name\":\"Nature\"}]},{\"@type\":\"WebSite\",\"@id\":\"https:\\\/\\\/albanify.com\\\/#website\",\"url\":\"https:\\\/\\\/albanify.com\\\/\",\"name\":\"Albanify.com\",\"description\":\"Explore Albania - Visit Albania\",\"publisher\":{\"@id\":\"https:\\\/\\\/albanify.com\\\/#organization\"},\"alternateName\":\"Explore Albania - Visit Albania - Albanify\",\"potentialAction\":[{\"@type\":\"SearchAction\",\"target\":{\"@type\":\"EntryPoint\",\"urlTemplate\":\"https:\\\/\\\/albanify.com\\\/?s={search_term_string}\"},\"query-input\":{\"@type\":\"PropertyValueSpecification\",\"valueRequired\":true,\"valueName\":\"search_term_string\"}}],\"inLanguage\":\"en-US\"},{\"@type\":\"Organization\",\"@id\":\"https:\\\/\\\/albanify.com\\\/#organization\",\"name\":\"Albanify.com\",\"url\":\"https:\\\/\\\/albanify.com\\\/\",\"logo\":{\"@type\":\"ImageObject\",\"inLanguage\":\"en-US\",\"@id\":\"https:\\\/\\\/albanify.com\\\/#\\\/schema\\\/logo\\\/image\\\/\",\"url\":\"https:\\\/\\\/albanify.com\\\/wp-content\\\/uploads\\\/2025\\\/08\\\/albanify-logo.png\",\"contentUrl\":\"https:\\\/\\\/albanify.com\\\/wp-content\\\/uploads\\\/2025\\\/08\\\/albanify-logo.png\",\"width\":622,\"height\":92,\"caption\":\"Albanify.com\"},\"image\":{\"@id\":\"https:\\\/\\\/albanify.com\\\/#\\\/schema\\\/logo\\\/image\\\/\"},\"sameAs\":[\"https:\\\/\\\/www.instagram.com\\\/albanify.com_\\\/\"]}]}<\/script>\n<!-- \/ Yoast SEO plugin. -->","yoast_head_json":{"title":"Nature - Gjirokast\u00ebr - Albanify.com","robots":{"index":"index","follow":"follow","max-snippet":"max-snippet:-1","max-image-preview":"max-image-preview:large","max-video-preview":"max-video-preview:-1"},"canonical":"https:\/\/albanify.com\/en\/visit-gjirokaster\/nature-gjirokaster\/","og_locale":"en_US","og_type":"article","og_title":"Nature - Gjirokast\u00ebr - Albanify.com","og_description":"Magjia e natyr\u00ebs mes maleve dhe lumenjve t\u00eb Gjirokastr\u00ebs Rrethuar nga male madh\u00ebshtore dhe uj\u00ebra kristal, \u00e7do peizazh \u00ebsht\u00eb nj\u00eb [&hellip;]","og_url":"https:\/\/albanify.com\/en\/visit-gjirokaster\/nature-gjirokaster\/","article_modified_time":"2026-01-19T19:50:16+00:00","og_image":[{"width":1202,"height":288,"url":"https:\/\/albanify.com\/wp-content\/uploads\/2025\/11\/logo.webp","type":"image\/webp"}],"twitter_card":"summary_large_image","twitter_misc":{"Est. reading time":"1 minute"},"schema":{"@context":"https:\/\/schema.org","@graph":[{"@type":"WebPage","@id":"https:\/\/albanify.com\/visit-gjirokaster\/nature-gjirokaster\/","url":"https:\/\/albanify.com\/visit-gjirokaster\/nature-gjirokaster\/","name":"Nature - Gjirokast\u00ebr - Albanify.com","isPartOf":{"@id":"https:\/\/albanify.com\/#website"},"datePublished":"2025-10-22T17:36:45+00:00","dateModified":"2026-01-19T19:50:16+00:00","breadcrumb":{"@id":"https:\/\/albanify.com\/visit-gjirokaster\/nature-gjirokaster\/#breadcrumb"},"inLanguage":"en-US","potentialAction":[{"@type":"ReadAction","target":["https:\/\/albanify.com\/visit-gjirokaster\/nature-gjirokaster\/"]}]},{"@type":"BreadcrumbList","@id":"https:\/\/albanify.com\/visit-gjirokaster\/nature-gjirokaster\/#breadcrumb","itemListElement":[{"@type":"ListItem","position":1,"name":"Home","item":"https:\/\/albanify.com\/"},{"@type":"ListItem","position":2,"name":"Gjirokaster","item":"https:\/\/albanify.com\/visit-gjirokaster\/"},{"@type":"ListItem","position":3,"name":"Nature"}]},{"@type":"WebSite","@id":"https:\/\/albanify.com\/#website","url":"https:\/\/albanify.com\/","name":"Albanify.com","description":"Explore Albania - Visit Albania","publisher":{"@id":"https:\/\/albanify.com\/#organization"},"alternateName":"Explore Albania - Visit Albania - Albanify","potentialAction":[{"@type":"SearchAction","target":{"@type":"EntryPoint","urlTemplate":"https:\/\/albanify.com\/?s={search_term_string}"},"query-input":{"@type":"PropertyValueSpecification","valueRequired":true,"valueName":"search_term_string"}}],"inLanguage":"en-US"},{"@type":"Organization","@id":"https:\/\/albanify.com\/#organization","name":"Albanify.com","url":"https:\/\/albanify.com\/","logo":{"@type":"ImageObject","inLanguage":"en-US","@id":"https:\/\/albanify.com\/#\/schema\/logo\/image\/","url":"https:\/\/albanify.com\/wp-content\/uploads\/2025\/08\/albanify-logo.png","contentUrl":"https:\/\/albanify.com\/wp-content\/uploads\/2025\/08\/albanify-logo.png","width":622,"height":92,"caption":"Albanify.com"},"image":{"@id":"https:\/\/albanify.com\/#\/schema\/logo\/image\/"},"sameAs":["https:\/\/www.instagram.com\/albanify.com_\/"]}]}},"_links":{"self":[{"href":"https:\/\/albanify.com\/en\/wp-json\/wp\/v2\/pages\/3765","targetHints":{"allow":["GET"]}}],"collection":[{"href":"https:\/\/albanify.com\/en\/wp-json\/wp\/v2\/pages"}],"about":[{"href":"https:\/\/albanify.com\/en\/wp-json\/wp\/v2\/types\/page"}],"author":[{"embeddable":true,"href":"https:\/\/albanify.com\/en\/wp-json\/wp\/v2\/users\/1"}],"replies":[{"embeddable":true,"href":"https:\/\/albanify.com\/en\/wp-json\/wp\/v2\/comments?post=3765"}],"version-history":[{"count":28,"href":"https:\/\/albanify.com\/en\/wp-json\/wp\/v2\/pages\/3765\/revisions"}],"predecessor-version":[{"id":5374,"href":"https:\/\/albanify.com\/en\/wp-json\/wp\/v2\/pages\/3765\/revisions\/5374"}],"up":[{"embeddable":true,"href":"https:\/\/albanify.com\/en\/wp-json\/wp\/v2\/pages\/3686"}],"wp:attachment":[{"href":"https:\/\/albanify.com\/en\/wp-json\/wp\/v2\/media?parent=3765"}],"curies":[{"name":"wp","href":"https:\/\/api.w.org\/{rel}","templated":true}]}}