{"id":2994,"date":"2025-10-04T08:46:54","date_gmt":"2025-10-04T08:46:54","guid":{"rendered":"https:\/\/albanify.com\/?page_id=2994"},"modified":"2026-01-19T20:07:33","modified_gmt":"2026-01-19T20:07:33","slug":"taxi-berat","status":"publish","type":"page","link":"https:\/\/albanify.com\/en\/visit-berat\/taxi-berat\/","title":{"rendered":"Taxi Berat"},"content":{"rendered":"\t\t<div data-elementor-type=\"wp-page\" data-elementor-id=\"2994\" class=\"elementor elementor-2994\" data-elementor-post-type=\"page\">\n\t\t\t\t<div class=\"elementor-element elementor-element-981709d e-grid e-con-boxed e-con e-parent\" data-id=\"981709d\" data-element_type=\"container\" data-e-type=\"container\" data-settings=\"{&quot;background_background&quot;:&quot;classic&quot;}\">\n\t\t\t\t\t<div class=\"e-con-inner\">\n\t\t\t\t\t<\/div>\n\t\t\t\t<\/div>\n\t\t<div class=\"elementor-element elementor-element-9b27198 e-flex e-con-boxed e-con e-parent\" data-id=\"9b27198\" data-element_type=\"container\" data-e-type=\"container\">\n\t\t\t\t\t<div class=\"e-con-inner\">\n\t\t<div class=\"elementor-element elementor-element-532e2c8 e-con-full e-flex e-con e-child\" data-id=\"532e2c8\" data-element_type=\"container\" data-e-type=\"container\" data-settings=\"{&quot;background_background&quot;:&quot;classic&quot;}\">\n\t\t\t\t<div class=\"elementor-element elementor-element-74da168 elementor-widget elementor-widget-heading\" data-id=\"74da168\" data-element_type=\"widget\" data-e-type=\"widget\" data-widget_type=\"heading.default\">\n\t\t\t\t<div class=\"elementor-widget-container\">\n\t\t\t\t\t<h2 class=\"elementor-heading-title elementor-size-default\">Udh\u00ebto i sigurt\u00eb<\/h2>\t\t\t\t<\/div>\n\t\t\t\t<\/div>\n\t\t\t\t<\/div>\n\t\t\t\t\t<\/div>\n\t\t\t\t<\/div>\n\t\t<div class=\"elementor-element elementor-element-0ebcf12 e-flex e-con-boxed e-con e-parent\" data-id=\"0ebcf12\" data-element_type=\"container\" data-e-type=\"container\" data-settings=\"{&quot;background_background&quot;:&quot;classic&quot;}\">\n\t\t\t\t\t<div class=\"e-con-inner\">\n\t\t<div class=\"elementor-element elementor-element-ab47392 e-con-full e-flex e-con e-child\" data-id=\"ab47392\" data-element_type=\"container\" data-e-type=\"container\" data-settings=\"{&quot;background_background&quot;:&quot;classic&quot;}\">\n\t\t\t\t<div class=\"elementor-element elementor-element-15cd3a4 elementor-widget elementor-widget-heading\" data-id=\"15cd3a4\" data-element_type=\"widget\" data-e-type=\"widget\" data-widget_type=\"heading.default\">\n\t\t\t\t<div class=\"elementor-widget-container\">\n\t\t\t\t\t<h3 class=\"elementor-heading-title elementor-size-default\">Udh\u00ebto leht\u00ebsisht me sh\u00ebrbimin taxi<\/h3>\t\t\t\t<\/div>\n\t\t\t\t<\/div>\n\t\t\t\t<div class=\"elementor-element elementor-element-7877da7 elementor-widget elementor-widget-text-editor\" data-id=\"7877da7\" data-element_type=\"widget\" data-e-type=\"widget\" data-widget_type=\"text-editor.default\">\n\t\t\t\t<div class=\"elementor-widget-container\">\n\t\t\t\t\t\t\t\t\t<p>Sh\u00ebrbimi taxi ofron transport t\u00eb sigurt, t\u00eb shpejt\u00eb dhe komod drejt \u00e7do destinacioni. Disponuesh\u00ebm 24\/7, me drejtues profesionist\u00eb dhe \u00e7mime t\u00eb p\u00ebrshtatshme.<\/p>\t\t\t\t\t\t\t\t<\/div>\n\t\t\t\t<\/div>\n\t\t\t\t<\/div>\n\t\t\t\t\t<\/div>\n\t\t\t\t<\/div>\n\t\t<div class=\"elementor-element elementor-element-d3e38de e-flex e-con-boxed e-con e-parent\" data-id=\"d3e38de\" data-element_type=\"container\" data-e-type=\"container\">\n\t\t\t\t\t<div class=\"e-con-inner\">\n\t\t\t\t<div class=\"elementor-element elementor-element-22bacd9 elementor-grid-3 elementor-grid-tablet-2 elementor-grid-mobile-1 elementor-widget elementor-widget-loop-grid\" data-id=\"22bacd9\" data-element_type=\"widget\" data-e-type=\"widget\" data-settings=\"{&quot;template_id&quot;:&quot;2496&quot;,&quot;_skin&quot;:&quot;post&quot;,&quot;columns&quot;:&quot;3&quot;,&quot;columns_tablet&quot;:&quot;2&quot;,&quot;columns_mobile&quot;:&quot;1&quot;,&quot;edit_handle_selector&quot;:&quot;[data-elementor-type=\\&quot;loop-item\\&quot;]&quot;,&quot;row_gap&quot;:{&quot;unit&quot;:&quot;px&quot;,&quot;size&quot;:&quot;&quot;,&quot;sizes&quot;:[]},&quot;row_gap_tablet&quot;:{&quot;unit&quot;:&quot;px&quot;,&quot;size&quot;:&quot;&quot;,&quot;sizes&quot;:[]},&quot;row_gap_mobile&quot;:{&quot;unit&quot;:&quot;px&quot;,&quot;size&quot;:&quot;&quot;,&quot;sizes&quot;:[]}}\" data-widget_type=\"loop-grid.post\">\n\t\t\t\t<div class=\"elementor-widget-container\">\n\t\t\t\t\t\t\t<div class=\"e-loop-nothing-found-message\">\n\t\t\t\t\t<div class=\"e-loop-nothing-found-message__text\">\n\t\t\t\tIt seems we can\u2019t find what you\u2019re looking for.Your business advertisement can be here.\t\t\t<\/div>\n\t\t\t<\/div>\n\t\t\t\t\t\t<\/div>\n\t\t\t\t<\/div>\n\t\t\t\t\t<\/div>\n\t\t\t\t<\/div>\n\t\t\t\t<\/div>\n\t\t","protected":false},"excerpt":{"rendered":"<p>Udh\u00ebto i sigurt\u00eb Udh\u00ebto leht\u00ebsisht me sh\u00ebrbimin taxi Sh\u00ebrbimi taxi ofron transport t\u00eb sigurt, t\u00eb shpejt\u00eb dhe komod drejt \u00e7do [&hellip;]<\/p>\n","protected":false},"author":1,"featured_media":0,"parent":2936,"menu_order":0,"comment_status":"closed","ping_status":"closed","template":"","meta":{"_acf_changed":false,"site-sidebar-layout":"no-sidebar","site-content-layout":"","ast-site-content-layout":"full-width-container","site-content-style":"default","site-sidebar-style":"default","ast-global-header-display":"","ast-banner-title-visibility":"","ast-main-header-display":"","ast-hfb-above-header-display":"","ast-hfb-below-header-display":"","ast-hfb-mobile-header-display":"","site-post-title":"disabled","ast-breadcrumbs-content":"","ast-featured-img":"disabled","footer-sml-layout":"","ast-disable-related-posts":"","theme-transparent-header-meta":"enabled","adv-header-id-meta":"","stick-header-meta":"","header-above-stick-meta":"","header-main-stick-meta":"","header-below-stick-meta":"","astra-migrate-meta-layouts":"default","ast-page-background-enabled":"default","ast-page-background-meta":{"desktop":{"background-color":"var(--ast-global-color-4)","background-image":"","background-repeat":"repeat","background-position":"center center","background-size":"auto","background-attachment":"scroll","background-type":"","background-media":"","overlay-type":"","overlay-color":"","overlay-opacity":"","overlay-gradient":""},"tablet":{"background-color":"","background-image":"","background-repeat":"repeat","background-position":"center center","background-size":"auto","background-attachment":"scroll","background-type":"","background-media":"","overlay-type":"","overlay-color":"","overlay-opacity":"","overlay-gradient":""},"mobile":{"background-color":"","background-image":"","background-repeat":"repeat","background-position":"center center","background-size":"auto","background-attachment":"scroll","background-type":"","background-media":"","overlay-type":"","overlay-color":"","overlay-opacity":"","overlay-gradient":""}},"ast-content-background-meta":{"desktop":{"background-color":"var(--ast-global-color-5)","background-image":"","background-repeat":"repeat","background-position":"center center","background-size":"auto","background-attachment":"scroll","background-type":"","background-media":"","overlay-type":"","overlay-color":"","overlay-opacity":"","overlay-gradient":""},"tablet":{"background-color":"var(--ast-global-color-5)","background-image":"","background-repeat":"repeat","background-position":"center center","background-size":"auto","background-attachment":"scroll","background-type":"","background-media":"","overlay-type":"","overlay-color":"","overlay-opacity":"","overlay-gradient":""},"mobile":{"background-color":"var(--ast-global-color-5)","background-image":"","background-repeat":"repeat","background-position":"center center","background-size":"auto","background-attachment":"scroll","background-type":"","background-media":"","overlay-type":"","overlay-color":"","overlay-opacity":"","overlay-gradient":""}},"footnotes":""},"class_list":["post-2994","page","type-page","status-publish","hentry"],"acf":[],"yoast_head":"<!-- This site is optimized with the Yoast SEO plugin v27.3 - https:\/\/yoast.com\/product\/yoast-seo-wordpress\/ -->\n<title>Taxi Berat - Berat - Albanify.com<\/title>\n<meta name=\"robots\" content=\"index, follow, max-snippet:-1, max-image-preview:large, max-video-preview:-1\" \/>\n<link rel=\"canonical\" href=\"https:\/\/albanify.com\/en\/visit-berat\/taxi-berat\/\" \/>\n<meta property=\"og:locale\" content=\"en_US\" \/>\n<meta property=\"og:type\" content=\"article\" \/>\n<meta property=\"og:title\" content=\"Taxi Berat - Berat - Albanify.com\" \/>\n<meta property=\"og:description\" content=\"Udh\u00ebto i sigurt\u00eb Udh\u00ebto leht\u00ebsisht me sh\u00ebrbimin taxi Sh\u00ebrbimi taxi ofron transport t\u00eb sigurt, t\u00eb shpejt\u00eb dhe komod drejt \u00e7do [&hellip;]\" \/>\n<meta property=\"og:url\" content=\"https:\/\/albanify.com\/en\/visit-berat\/taxi-berat\/\" \/>\n<meta property=\"article:modified_time\" content=\"2026-01-19T20:07:33+00:00\" \/>\n<meta property=\"og:image\" content=\"https:\/\/albanify.com\/wp-content\/uploads\/2025\/11\/logo.webp\" \/>\n\t<meta property=\"og:image:width\" content=\"1202\" \/>\n\t<meta property=\"og:image:height\" content=\"288\" \/>\n\t<meta property=\"og:image:type\" content=\"image\/webp\" \/>\n<meta name=\"twitter:card\" content=\"summary_large_image\" \/>\n<meta name=\"twitter:label1\" content=\"Est. reading time\" \/>\n\t<meta name=\"twitter:data1\" content=\"1 minute\" \/>\n<script type=\"application\/ld+json\" class=\"yoast-schema-graph\">{\"@context\":\"https:\\\/\\\/schema.org\",\"@graph\":[{\"@type\":\"WebPage\",\"@id\":\"https:\\\/\\\/albanify.com\\\/visit-berat\\\/taxi-berat\\\/\",\"url\":\"https:\\\/\\\/albanify.com\\\/visit-berat\\\/taxi-berat\\\/\",\"name\":\"Taxi Berat - Berat - Albanify.com\",\"isPartOf\":{\"@id\":\"https:\\\/\\\/albanify.com\\\/#website\"},\"datePublished\":\"2025-10-04T08:46:54+00:00\",\"dateModified\":\"2026-01-19T20:07:33+00:00\",\"breadcrumb\":{\"@id\":\"https:\\\/\\\/albanify.com\\\/visit-berat\\\/taxi-berat\\\/#breadcrumb\"},\"inLanguage\":\"en-US\",\"potentialAction\":[{\"@type\":\"ReadAction\",\"target\":[\"https:\\\/\\\/albanify.com\\\/visit-berat\\\/taxi-berat\\\/\"]}]},{\"@type\":\"BreadcrumbList\",\"@id\":\"https:\\\/\\\/albanify.com\\\/visit-berat\\\/taxi-berat\\\/#breadcrumb\",\"itemListElement\":[{\"@type\":\"ListItem\",\"position\":1,\"name\":\"Home\",\"item\":\"https:\\\/\\\/albanify.com\\\/\"},{\"@type\":\"ListItem\",\"position\":2,\"name\":\"Berat\",\"item\":\"https:\\\/\\\/albanify.com\\\/visit-berat\\\/\"},{\"@type\":\"ListItem\",\"position\":3,\"name\":\"Taxi Berat\"}]},{\"@type\":\"WebSite\",\"@id\":\"https:\\\/\\\/albanify.com\\\/#website\",\"url\":\"https:\\\/\\\/albanify.com\\\/\",\"name\":\"Albanify.com\",\"description\":\"Explore Albania - Visit Albania\",\"publisher\":{\"@id\":\"https:\\\/\\\/albanify.com\\\/#organization\"},\"alternateName\":\"Explore Albania - Visit Albania - Albanify\",\"potentialAction\":[{\"@type\":\"SearchAction\",\"target\":{\"@type\":\"EntryPoint\",\"urlTemplate\":\"https:\\\/\\\/albanify.com\\\/?s={search_term_string}\"},\"query-input\":{\"@type\":\"PropertyValueSpecification\",\"valueRequired\":true,\"valueName\":\"search_term_string\"}}],\"inLanguage\":\"en-US\"},{\"@type\":\"Organization\",\"@id\":\"https:\\\/\\\/albanify.com\\\/#organization\",\"name\":\"Albanify.com\",\"url\":\"https:\\\/\\\/albanify.com\\\/\",\"logo\":{\"@type\":\"ImageObject\",\"inLanguage\":\"en-US\",\"@id\":\"https:\\\/\\\/albanify.com\\\/#\\\/schema\\\/logo\\\/image\\\/\",\"url\":\"https:\\\/\\\/albanify.com\\\/wp-content\\\/uploads\\\/2025\\\/08\\\/albanify-logo.png\",\"contentUrl\":\"https:\\\/\\\/albanify.com\\\/wp-content\\\/uploads\\\/2025\\\/08\\\/albanify-logo.png\",\"width\":622,\"height\":92,\"caption\":\"Albanify.com\"},\"image\":{\"@id\":\"https:\\\/\\\/albanify.com\\\/#\\\/schema\\\/logo\\\/image\\\/\"},\"sameAs\":[\"https:\\\/\\\/www.instagram.com\\\/albanify.com_\\\/\"]}]}<\/script>\n<!-- \/ Yoast SEO plugin. -->","yoast_head_json":{"title":"Taxi Berat - Berat - Albanify.com","robots":{"index":"index","follow":"follow","max-snippet":"max-snippet:-1","max-image-preview":"max-image-preview:large","max-video-preview":"max-video-preview:-1"},"canonical":"https:\/\/albanify.com\/en\/visit-berat\/taxi-berat\/","og_locale":"en_US","og_type":"article","og_title":"Taxi Berat - Berat - Albanify.com","og_description":"Udh\u00ebto i sigurt\u00eb Udh\u00ebto leht\u00ebsisht me sh\u00ebrbimin taxi Sh\u00ebrbimi taxi ofron transport t\u00eb sigurt, t\u00eb shpejt\u00eb dhe komod drejt \u00e7do [&hellip;]","og_url":"https:\/\/albanify.com\/en\/visit-berat\/taxi-berat\/","article_modified_time":"2026-01-19T20:07:33+00:00","og_image":[{"width":1202,"height":288,"url":"https:\/\/albanify.com\/wp-content\/uploads\/2025\/11\/logo.webp","type":"image\/webp"}],"twitter_card":"summary_large_image","twitter_misc":{"Est. reading time":"1 minute"},"schema":{"@context":"https:\/\/schema.org","@graph":[{"@type":"WebPage","@id":"https:\/\/albanify.com\/visit-berat\/taxi-berat\/","url":"https:\/\/albanify.com\/visit-berat\/taxi-berat\/","name":"Taxi Berat - Berat - Albanify.com","isPartOf":{"@id":"https:\/\/albanify.com\/#website"},"datePublished":"2025-10-04T08:46:54+00:00","dateModified":"2026-01-19T20:07:33+00:00","breadcrumb":{"@id":"https:\/\/albanify.com\/visit-berat\/taxi-berat\/#breadcrumb"},"inLanguage":"en-US","potentialAction":[{"@type":"ReadAction","target":["https:\/\/albanify.com\/visit-berat\/taxi-berat\/"]}]},{"@type":"BreadcrumbList","@id":"https:\/\/albanify.com\/visit-berat\/taxi-berat\/#breadcrumb","itemListElement":[{"@type":"ListItem","position":1,"name":"Home","item":"https:\/\/albanify.com\/"},{"@type":"ListItem","position":2,"name":"Berat","item":"https:\/\/albanify.com\/visit-berat\/"},{"@type":"ListItem","position":3,"name":"Taxi Berat"}]},{"@type":"WebSite","@id":"https:\/\/albanify.com\/#website","url":"https:\/\/albanify.com\/","name":"Albanify.com","description":"Explore Albania - Visit Albania","publisher":{"@id":"https:\/\/albanify.com\/#organization"},"alternateName":"Explore Albania - Visit Albania - Albanify","potentialAction":[{"@type":"SearchAction","target":{"@type":"EntryPoint","urlTemplate":"https:\/\/albanify.com\/?s={search_term_string}"},"query-input":{"@type":"PropertyValueSpecification","valueRequired":true,"valueName":"search_term_string"}}],"inLanguage":"en-US"},{"@type":"Organization","@id":"https:\/\/albanify.com\/#organization","name":"Albanify.com","url":"https:\/\/albanify.com\/","logo":{"@type":"ImageObject","inLanguage":"en-US","@id":"https:\/\/albanify.com\/#\/schema\/logo\/image\/","url":"https:\/\/albanify.com\/wp-content\/uploads\/2025\/08\/albanify-logo.png","contentUrl":"https:\/\/albanify.com\/wp-content\/uploads\/2025\/08\/albanify-logo.png","width":622,"height":92,"caption":"Albanify.com"},"image":{"@id":"https:\/\/albanify.com\/#\/schema\/logo\/image\/"},"sameAs":["https:\/\/www.instagram.com\/albanify.com_\/"]}]}},"_links":{"self":[{"href":"https:\/\/albanify.com\/en\/wp-json\/wp\/v2\/pages\/2994","targetHints":{"allow":["GET"]}}],"collection":[{"href":"https:\/\/albanify.com\/en\/wp-json\/wp\/v2\/pages"}],"about":[{"href":"https:\/\/albanify.com\/en\/wp-json\/wp\/v2\/types\/page"}],"author":[{"embeddable":true,"href":"https:\/\/albanify.com\/en\/wp-json\/wp\/v2\/users\/1"}],"replies":[{"embeddable":true,"href":"https:\/\/albanify.com\/en\/wp-json\/wp\/v2\/comments?post=2994"}],"version-history":[{"count":7,"href":"https:\/\/albanify.com\/en\/wp-json\/wp\/v2\/pages\/2994\/revisions"}],"predecessor-version":[{"id":5392,"href":"https:\/\/albanify.com\/en\/wp-json\/wp\/v2\/pages\/2994\/revisions\/5392"}],"up":[{"embeddable":true,"href":"https:\/\/albanify.com\/en\/wp-json\/wp\/v2\/pages\/2936"}],"wp:attachment":[{"href":"https:\/\/albanify.com\/en\/wp-json\/wp\/v2\/media?parent=2994"}],"curies":[{"name":"wp","href":"https:\/\/api.w.org\/{rel}","templated":true}]}}