{"id":2353,"date":"2025-08-07T18:23:30","date_gmt":"2025-08-07T18:23:30","guid":{"rendered":"https:\/\/albanify.com\/?page_id=2353"},"modified":"2025-12-06T14:58:43","modified_gmt":"2025-12-06T14:58:43","slug":"hotel-hostel-guest-house-apartments-kruja","status":"publish","type":"page","link":"https:\/\/albanify.com\/en\/visit-kruja\/hotel-hostel-guest-house-apartments-kruja\/","title":{"rendered":"Accommodation"},"content":{"rendered":"\t\t<div data-elementor-type=\"wp-page\" data-elementor-id=\"2353\" class=\"elementor elementor-2353\" data-elementor-post-type=\"page\">\n\t\t\t\t<div class=\"elementor-element elementor-element-981709d e-grid e-con-boxed e-con e-parent\" data-id=\"981709d\" data-element_type=\"container\" data-e-type=\"container\" data-settings=\"{&quot;background_background&quot;:&quot;classic&quot;}\">\n\t\t\t\t\t<div class=\"e-con-inner\">\n\t\t\t\t\t<\/div>\n\t\t\t\t<\/div>\n\t\t<div class=\"elementor-element elementor-element-1bdaf78 e-flex e-con-boxed e-con e-parent\" data-id=\"1bdaf78\" data-element_type=\"container\" data-e-type=\"container\">\n\t\t\t\t\t<div class=\"e-con-inner\">\n\t\t<div class=\"elementor-element elementor-element-fb99048 e-con-full e-flex e-con e-child\" data-id=\"fb99048\" data-element_type=\"container\" data-e-type=\"container\" data-settings=\"{&quot;background_background&quot;:&quot;classic&quot;}\">\n\t\t\t\t<div class=\"elementor-element elementor-element-7d1cf11 elementor-widget elementor-widget-heading\" data-id=\"7d1cf11\" data-element_type=\"widget\" data-e-type=\"widget\" data-widget_type=\"heading.default\">\n\t\t\t\t<div class=\"elementor-widget-container\">\n\t\t\t\t\t<h2 class=\"elementor-heading-title elementor-size-default\">Q\u00ebndrimi juaj i p\u00ebrsosur n\u00eb Kruj\u00eb<\/h2>\t\t\t\t<\/div>\n\t\t\t\t<\/div>\n\t\t\t\t<div class=\"elementor-element elementor-element-1aa1be3 elementor-widget elementor-widget-text-editor\" data-id=\"1aa1be3\" data-element_type=\"widget\" data-e-type=\"widget\" data-widget_type=\"text-editor.default\">\n\t\t\t\t<div class=\"elementor-widget-container\">\n\t\t\t\t\t\t\t\t\t<p>Q\u00ebndrimi juaj i p\u00ebrsosur n\u00eb Kruj\u00eb fillon k\u00ebtu. Zbuloni nj\u00eb p\u00ebrzgjedhje strukturash akomoduese q\u00eb ofrojn\u00eb komoditet dhe stil. Pavar\u00ebsisht n\u00ebse preferoni nj\u00eb hotel elegant, nj\u00eb sht\u00ebpi pushimi familjare apo nj\u00eb hostel miq\u00ebsor, k\u00ebtu do t\u00eb gjeni vendin ideal p\u00ebr t\u00eb pushuar.<\/p>\t\t\t\t\t\t\t\t<\/div>\n\t\t\t\t<\/div>\n\t\t\t\t<\/div>\n\t\t\t\t\t<\/div>\n\t\t\t\t<\/div>\n\t\t<div class=\"elementor-element elementor-element-f2c3717 e-flex e-con-boxed e-con e-parent\" data-id=\"f2c3717\" data-element_type=\"container\" data-e-type=\"container\">\n\t\t\t\t\t<div class=\"e-con-inner\">\n\t\t\t\t<div class=\"elementor-element elementor-element-4f121c3 elementor-grid-3 elementor-grid-tablet-2 elementor-grid-mobile-1 elementor-widget elementor-widget-loop-grid\" data-id=\"4f121c3\" data-element_type=\"widget\" data-e-type=\"widget\" data-settings=\"{&quot;template_id&quot;:&quot;2240&quot;,&quot;masonry&quot;:&quot;yes&quot;,&quot;_skin&quot;:&quot;post&quot;,&quot;columns&quot;:&quot;3&quot;,&quot;columns_tablet&quot;:&quot;2&quot;,&quot;columns_mobile&quot;:&quot;1&quot;,&quot;edit_handle_selector&quot;:&quot;[data-elementor-type=\\&quot;loop-item\\&quot;]&quot;,&quot;row_gap&quot;:{&quot;unit&quot;:&quot;px&quot;,&quot;size&quot;:&quot;&quot;,&quot;sizes&quot;:[]},&quot;row_gap_tablet&quot;:{&quot;unit&quot;:&quot;px&quot;,&quot;size&quot;:&quot;&quot;,&quot;sizes&quot;:[]},&quot;row_gap_mobile&quot;:{&quot;unit&quot;:&quot;px&quot;,&quot;size&quot;:&quot;&quot;,&quot;sizes&quot;:[]}}\" data-widget_type=\"loop-grid.post\">\n\t\t\t\t<div class=\"elementor-widget-container\">\n\t\t\t\t\t\t\t<div class=\"e-loop-nothing-found-message\">\n\t\t\t\t\t<div class=\"e-loop-nothing-found-message__text\">\n\t\t\t\tIt seems we can\u2019t find what you\u2019re looking for.\t\t\t<\/div>\n\t\t\t<\/div>\n\t\t\t\t\t\t<\/div>\n\t\t\t\t<\/div>\n\t\t\t\t\t<\/div>\n\t\t\t\t<\/div>\n\t\t\t\t<\/div>\n\t\t","protected":false},"excerpt":{"rendered":"<p>Q\u00ebndrimi juaj i p\u00ebrsosur n\u00eb Kruj\u00eb Q\u00ebndrimi juaj i p\u00ebrsosur n\u00eb Kruj\u00eb fillon k\u00ebtu. Zbuloni nj\u00eb p\u00ebrzgjedhje strukturash akomoduese q\u00eb [&hellip;]<\/p>\n","protected":false},"author":1,"featured_media":0,"parent":2039,"menu_order":0,"comment_status":"closed","ping_status":"closed","template":"","meta":{"_acf_changed":false,"site-sidebar-layout":"no-sidebar","site-content-layout":"","ast-site-content-layout":"full-width-container","site-content-style":"default","site-sidebar-style":"default","ast-global-header-display":"","ast-banner-title-visibility":"","ast-main-header-display":"","ast-hfb-above-header-display":"","ast-hfb-below-header-display":"","ast-hfb-mobile-header-display":"","site-post-title":"disabled","ast-breadcrumbs-content":"","ast-featured-img":"disabled","footer-sml-layout":"","ast-disable-related-posts":"","theme-transparent-header-meta":"enabled","adv-header-id-meta":"","stick-header-meta":"","header-above-stick-meta":"","header-main-stick-meta":"","header-below-stick-meta":"","astra-migrate-meta-layouts":"default","ast-page-background-enabled":"default","ast-page-background-meta":{"desktop":{"background-color":"var(--ast-global-color-4)","background-image":"","background-repeat":"repeat","background-position":"center center","background-size":"auto","background-attachment":"scroll","background-type":"","background-media":"","overlay-type":"","overlay-color":"","overlay-opacity":"","overlay-gradient":""},"tablet":{"background-color":"","background-image":"","background-repeat":"repeat","background-position":"center center","background-size":"auto","background-attachment":"scroll","background-type":"","background-media":"","overlay-type":"","overlay-color":"","overlay-opacity":"","overlay-gradient":""},"mobile":{"background-color":"","background-image":"","background-repeat":"repeat","background-position":"center center","background-size":"auto","background-attachment":"scroll","background-type":"","background-media":"","overlay-type":"","overlay-color":"","overlay-opacity":"","overlay-gradient":""}},"ast-content-background-meta":{"desktop":{"background-color":"var(--ast-global-color-5)","background-image":"","background-repeat":"repeat","background-position":"center center","background-size":"auto","background-attachment":"scroll","background-type":"","background-media":"","overlay-type":"","overlay-color":"","overlay-opacity":"","overlay-gradient":""},"tablet":{"background-color":"var(--ast-global-color-5)","background-image":"","background-repeat":"repeat","background-position":"center center","background-size":"auto","background-attachment":"scroll","background-type":"","background-media":"","overlay-type":"","overlay-color":"","overlay-opacity":"","overlay-gradient":""},"mobile":{"background-color":"var(--ast-global-color-5)","background-image":"","background-repeat":"repeat","background-position":"center center","background-size":"auto","background-attachment":"scroll","background-type":"","background-media":"","overlay-type":"","overlay-color":"","overlay-opacity":"","overlay-gradient":""}},"footnotes":""},"class_list":["post-2353","page","type-page","status-publish","hentry"],"acf":[],"yoast_head":"<!-- This site is optimized with the Yoast SEO plugin v27.3 - https:\/\/yoast.com\/product\/yoast-seo-wordpress\/ -->\n<title>Akomodim - Kruj\u00eb - Albanify.com<\/title>\n<meta name=\"robots\" content=\"index, follow, max-snippet:-1, max-image-preview:large, max-video-preview:-1\" \/>\n<link rel=\"canonical\" href=\"https:\/\/albanify.com\/en\/visit-kruja\/hotel-hostel-guest-house-apartments-kruja\/\" \/>\n<meta property=\"og:locale\" content=\"en_US\" \/>\n<meta property=\"og:type\" content=\"article\" \/>\n<meta property=\"og:title\" content=\"Akomodim - Kruj\u00eb - Albanify.com\" \/>\n<meta property=\"og:description\" content=\"Q\u00ebndrimi juaj i p\u00ebrsosur n\u00eb Kruj\u00eb Q\u00ebndrimi juaj i p\u00ebrsosur n\u00eb Kruj\u00eb fillon k\u00ebtu. Zbuloni nj\u00eb p\u00ebrzgjedhje strukturash akomoduese q\u00eb [&hellip;]\" \/>\n<meta property=\"og:url\" content=\"https:\/\/albanify.com\/en\/visit-kruja\/hotel-hostel-guest-house-apartments-kruja\/\" \/>\n<meta property=\"article:modified_time\" content=\"2025-12-06T14:58:43+00:00\" \/>\n<meta property=\"og:image\" content=\"https:\/\/albanify.com\/wp-content\/uploads\/2025\/11\/logo.webp\" \/>\n\t<meta property=\"og:image:width\" content=\"1202\" \/>\n\t<meta property=\"og:image:height\" content=\"288\" \/>\n\t<meta property=\"og:image:type\" content=\"image\/webp\" \/>\n<meta name=\"twitter:card\" content=\"summary_large_image\" \/>\n<meta name=\"twitter:label1\" content=\"Est. reading time\" \/>\n\t<meta name=\"twitter:data1\" content=\"1 minute\" \/>\n<script type=\"application\/ld+json\" class=\"yoast-schema-graph\">{\"@context\":\"https:\\\/\\\/schema.org\",\"@graph\":[{\"@type\":\"WebPage\",\"@id\":\"https:\\\/\\\/albanify.com\\\/visit-kruja\\\/hotel-hostel-guest-house-apartments-kruja\\\/\",\"url\":\"https:\\\/\\\/albanify.com\\\/visit-kruja\\\/hotel-hostel-guest-house-apartments-kruja\\\/\",\"name\":\"Akomodim - Kruj\u00eb - Albanify.com\",\"isPartOf\":{\"@id\":\"https:\\\/\\\/albanify.com\\\/#website\"},\"datePublished\":\"2025-08-07T18:23:30+00:00\",\"dateModified\":\"2025-12-06T14:58:43+00:00\",\"breadcrumb\":{\"@id\":\"https:\\\/\\\/albanify.com\\\/visit-kruja\\\/hotel-hostel-guest-house-apartments-kruja\\\/#breadcrumb\"},\"inLanguage\":\"en-US\",\"potentialAction\":[{\"@type\":\"ReadAction\",\"target\":[\"https:\\\/\\\/albanify.com\\\/visit-kruja\\\/hotel-hostel-guest-house-apartments-kruja\\\/\"]}]},{\"@type\":\"BreadcrumbList\",\"@id\":\"https:\\\/\\\/albanify.com\\\/visit-kruja\\\/hotel-hostel-guest-house-apartments-kruja\\\/#breadcrumb\",\"itemListElement\":[{\"@type\":\"ListItem\",\"position\":1,\"name\":\"Home\",\"item\":\"https:\\\/\\\/albanify.com\\\/\"},{\"@type\":\"ListItem\",\"position\":2,\"name\":\"Kruja\",\"item\":\"https:\\\/\\\/albanify.com\\\/visit-kruja\\\/\"},{\"@type\":\"ListItem\",\"position\":3,\"name\":\"Akomodim\"}]},{\"@type\":\"WebSite\",\"@id\":\"https:\\\/\\\/albanify.com\\\/#website\",\"url\":\"https:\\\/\\\/albanify.com\\\/\",\"name\":\"Albanify.com\",\"description\":\"Explore Albania - Visit Albania\",\"publisher\":{\"@id\":\"https:\\\/\\\/albanify.com\\\/#organization\"},\"alternateName\":\"Explore Albania - Visit Albania - Albanify\",\"potentialAction\":[{\"@type\":\"SearchAction\",\"target\":{\"@type\":\"EntryPoint\",\"urlTemplate\":\"https:\\\/\\\/albanify.com\\\/?s={search_term_string}\"},\"query-input\":{\"@type\":\"PropertyValueSpecification\",\"valueRequired\":true,\"valueName\":\"search_term_string\"}}],\"inLanguage\":\"en-US\"},{\"@type\":\"Organization\",\"@id\":\"https:\\\/\\\/albanify.com\\\/#organization\",\"name\":\"Albanify.com\",\"url\":\"https:\\\/\\\/albanify.com\\\/\",\"logo\":{\"@type\":\"ImageObject\",\"inLanguage\":\"en-US\",\"@id\":\"https:\\\/\\\/albanify.com\\\/#\\\/schema\\\/logo\\\/image\\\/\",\"url\":\"https:\\\/\\\/albanify.com\\\/wp-content\\\/uploads\\\/2025\\\/08\\\/albanify-logo.png\",\"contentUrl\":\"https:\\\/\\\/albanify.com\\\/wp-content\\\/uploads\\\/2025\\\/08\\\/albanify-logo.png\",\"width\":622,\"height\":92,\"caption\":\"Albanify.com\"},\"image\":{\"@id\":\"https:\\\/\\\/albanify.com\\\/#\\\/schema\\\/logo\\\/image\\\/\"},\"sameAs\":[\"https:\\\/\\\/www.instagram.com\\\/albanify.com_\\\/\"]}]}<\/script>\n<!-- \/ Yoast SEO plugin. -->","yoast_head_json":{"title":"Akomodim - Kruj\u00eb - Albanify.com","robots":{"index":"index","follow":"follow","max-snippet":"max-snippet:-1","max-image-preview":"max-image-preview:large","max-video-preview":"max-video-preview:-1"},"canonical":"https:\/\/albanify.com\/en\/visit-kruja\/hotel-hostel-guest-house-apartments-kruja\/","og_locale":"en_US","og_type":"article","og_title":"Akomodim - Kruj\u00eb - Albanify.com","og_description":"Q\u00ebndrimi juaj i p\u00ebrsosur n\u00eb Kruj\u00eb Q\u00ebndrimi juaj i p\u00ebrsosur n\u00eb Kruj\u00eb fillon k\u00ebtu. Zbuloni nj\u00eb p\u00ebrzgjedhje strukturash akomoduese q\u00eb [&hellip;]","og_url":"https:\/\/albanify.com\/en\/visit-kruja\/hotel-hostel-guest-house-apartments-kruja\/","article_modified_time":"2025-12-06T14:58:43+00:00","og_image":[{"width":1202,"height":288,"url":"https:\/\/albanify.com\/wp-content\/uploads\/2025\/11\/logo.webp","type":"image\/webp"}],"twitter_card":"summary_large_image","twitter_misc":{"Est. reading time":"1 minute"},"schema":{"@context":"https:\/\/schema.org","@graph":[{"@type":"WebPage","@id":"https:\/\/albanify.com\/visit-kruja\/hotel-hostel-guest-house-apartments-kruja\/","url":"https:\/\/albanify.com\/visit-kruja\/hotel-hostel-guest-house-apartments-kruja\/","name":"Akomodim - Kruj\u00eb - Albanify.com","isPartOf":{"@id":"https:\/\/albanify.com\/#website"},"datePublished":"2025-08-07T18:23:30+00:00","dateModified":"2025-12-06T14:58:43+00:00","breadcrumb":{"@id":"https:\/\/albanify.com\/visit-kruja\/hotel-hostel-guest-house-apartments-kruja\/#breadcrumb"},"inLanguage":"en-US","potentialAction":[{"@type":"ReadAction","target":["https:\/\/albanify.com\/visit-kruja\/hotel-hostel-guest-house-apartments-kruja\/"]}]},{"@type":"BreadcrumbList","@id":"https:\/\/albanify.com\/visit-kruja\/hotel-hostel-guest-house-apartments-kruja\/#breadcrumb","itemListElement":[{"@type":"ListItem","position":1,"name":"Home","item":"https:\/\/albanify.com\/"},{"@type":"ListItem","position":2,"name":"Kruja","item":"https:\/\/albanify.com\/visit-kruja\/"},{"@type":"ListItem","position":3,"name":"Akomodim"}]},{"@type":"WebSite","@id":"https:\/\/albanify.com\/#website","url":"https:\/\/albanify.com\/","name":"Albanify.com","description":"Explore Albania - Visit Albania","publisher":{"@id":"https:\/\/albanify.com\/#organization"},"alternateName":"Explore Albania - Visit Albania - Albanify","potentialAction":[{"@type":"SearchAction","target":{"@type":"EntryPoint","urlTemplate":"https:\/\/albanify.com\/?s={search_term_string}"},"query-input":{"@type":"PropertyValueSpecification","valueRequired":true,"valueName":"search_term_string"}}],"inLanguage":"en-US"},{"@type":"Organization","@id":"https:\/\/albanify.com\/#organization","name":"Albanify.com","url":"https:\/\/albanify.com\/","logo":{"@type":"ImageObject","inLanguage":"en-US","@id":"https:\/\/albanify.com\/#\/schema\/logo\/image\/","url":"https:\/\/albanify.com\/wp-content\/uploads\/2025\/08\/albanify-logo.png","contentUrl":"https:\/\/albanify.com\/wp-content\/uploads\/2025\/08\/albanify-logo.png","width":622,"height":92,"caption":"Albanify.com"},"image":{"@id":"https:\/\/albanify.com\/#\/schema\/logo\/image\/"},"sameAs":["https:\/\/www.instagram.com\/albanify.com_\/"]}]}},"_links":{"self":[{"href":"https:\/\/albanify.com\/en\/wp-json\/wp\/v2\/pages\/2353","targetHints":{"allow":["GET"]}}],"collection":[{"href":"https:\/\/albanify.com\/en\/wp-json\/wp\/v2\/pages"}],"about":[{"href":"https:\/\/albanify.com\/en\/wp-json\/wp\/v2\/types\/page"}],"author":[{"embeddable":true,"href":"https:\/\/albanify.com\/en\/wp-json\/wp\/v2\/users\/1"}],"replies":[{"embeddable":true,"href":"https:\/\/albanify.com\/en\/wp-json\/wp\/v2\/comments?post=2353"}],"version-history":[{"count":64,"href":"https:\/\/albanify.com\/en\/wp-json\/wp\/v2\/pages\/2353\/revisions"}],"predecessor-version":[{"id":2565,"href":"https:\/\/albanify.com\/en\/wp-json\/wp\/v2\/pages\/2353\/revisions\/2565"}],"up":[{"embeddable":true,"href":"https:\/\/albanify.com\/en\/wp-json\/wp\/v2\/pages\/2039"}],"wp:attachment":[{"href":"https:\/\/albanify.com\/en\/wp-json\/wp\/v2\/media?parent=2353"}],"curies":[{"name":"wp","href":"https:\/\/api.w.org\/{rel}","templated":true}]}}