{"id":1569,"date":"2025-06-07T15:58:37","date_gmt":"2025-06-07T15:58:37","guid":{"rendered":"https:\/\/albanify.com\/?page_id=1569"},"modified":"2025-12-06T15:10:19","modified_gmt":"2025-12-06T15:10:19","slug":"best-bar-restaurants-vlora","status":"publish","type":"page","link":"https:\/\/albanify.com\/en\/visit-vlora\/best-bar-restaurants-vlora\/","title":{"rendered":"Coffee &#8211; Restaurants"},"content":{"rendered":"<div data-elementor-type=\"wp-page\" data-elementor-id=\"1569\" class=\"elementor elementor-1569\" data-elementor-post-type=\"page\">\n\t\t\t\t<div class=\"elementor-element elementor-element-981709d e-grid e-con-boxed e-con e-parent\" data-id=\"981709d\" data-element_type=\"container\" data-e-type=\"container\" data-settings=\"{&quot;background_background&quot;:&quot;classic&quot;}\">\n\t\t\t\t\t<div class=\"e-con-inner\">\n\t\t\t\t\t<\/div>\n\t\t\t\t<\/div>\n\t\t<div class=\"elementor-element elementor-element-9b27198 e-flex e-con-boxed e-con e-parent\" data-id=\"9b27198\" data-element_type=\"container\" data-e-type=\"container\">\n\t\t\t\t\t<div class=\"e-con-inner\">\n\t\t<div class=\"elementor-element elementor-element-532e2c8 e-con-full e-flex e-con e-child\" data-id=\"532e2c8\" data-element_type=\"container\" data-e-type=\"container\" data-settings=\"{&quot;background_background&quot;:&quot;classic&quot;}\">\n\t\t\t\t<div class=\"elementor-element elementor-element-74da168 elementor-widget elementor-widget-heading\" data-id=\"74da168\" data-element_type=\"widget\" data-e-type=\"widget\" data-widget_type=\"heading.default\">\n\t\t\t\t<div class=\"elementor-widget-container\">\n\t\t\t\t\t<h2 class=\"elementor-heading-title elementor-size-default\">Travel and explore the flavors<\/h2>\t\t\t\t<\/div>\n\t\t\t\t<\/div>\n\t\t\t\t<\/div>\n\t\t\t\t\t<\/div>\n\t\t\t\t<\/div>\n\t\t<div class=\"elementor-element elementor-element-0ebcf12 e-flex e-con-boxed e-con e-parent\" data-id=\"0ebcf12\" data-element_type=\"container\" data-e-type=\"container\" data-settings=\"{&quot;background_background&quot;:&quot;classic&quot;}\">\n\t\t\t\t\t<div class=\"e-con-inner\">\n\t\t<div class=\"elementor-element elementor-element-ab47392 e-con-full e-flex e-con e-child\" data-id=\"ab47392\" data-element_type=\"container\" data-e-type=\"container\" data-settings=\"{&quot;background_background&quot;:&quot;classic&quot;}\">\n\t\t\t\t<div class=\"elementor-element elementor-element-15cd3a4 elementor-widget elementor-widget-heading\" data-id=\"15cd3a4\" data-element_type=\"widget\" data-e-type=\"widget\" data-widget_type=\"heading.default\">\n\t\t\t\t<div class=\"elementor-widget-container\">\n\t\t\t\t\t<h3 class=\"elementor-heading-title elementor-size-default\">EXPLORE, TASTE, LOVE\n<\/h3>\t\t\t\t<\/div>\n\t\t\t\t<\/div>\n\t\t\t\t<div class=\"elementor-element elementor-element-91d9a7b elementor-widget elementor-widget-heading\" data-id=\"91d9a7b\" data-element_type=\"widget\" data-e-type=\"widget\" data-widget_type=\"heading.default\">\n\t\t\t\t<div class=\"elementor-widget-container\">\n\t\t\t\t\t<h4 class=\"elementor-heading-title elementor-size-default\">Let\u2019s find the restaurant that suits you!<\/h4>\t\t\t\t<\/div>\n\t\t\t\t<\/div>\n\t\t\t\t<div class=\"elementor-element elementor-element-7877da7 elementor-widget elementor-widget-text-editor\" data-id=\"7877da7\" data-element_type=\"widget\" data-e-type=\"widget\" data-widget_type=\"text-editor.default\">\n\t\t\t\t<div class=\"elementor-widget-container\">\n\t\t\t\t\t\t\t\t\t<p>Get an unforgettable taste from every corner of the world! Discover restaurants that are more than just food \u2013 they are experiences you\u2019ll want to repeat.<\/p>\t\t\t\t\t\t\t\t<\/div>\n\t\t\t\t<\/div>\n\t\t<div class=\"elementor-element elementor-element-2572ff7 e-grid e-con-full e-con e-child\" data-id=\"2572ff7\" data-element_type=\"container\" data-e-type=\"container\" data-settings=\"{&quot;background_background&quot;:&quot;classic&quot;,&quot;animation&quot;:&quot;none&quot;}\">\n\t\t<div class=\"elementor-element elementor-element-7d6064d e-con-full animated-slow e-flex elementor-invisible e-con e-child\" data-id=\"7d6064d\" data-element_type=\"container\" data-e-type=\"container\" data-settings=\"{&quot;background_background&quot;:&quot;classic&quot;,&quot;animation&quot;:&quot;fadeIn&quot;,&quot;animation_delay&quot;:20}\">\n\t\t\t\t<div class=\"elementor-element elementor-element-192b5e8 elementor-widget__width-inherit elementor-cta--skin-classic elementor-animated-content elementor-bg-transform elementor-bg-transform-zoom-in elementor-widget elementor-widget-call-to-action\" data-id=\"192b5e8\" data-element_type=\"widget\" data-e-type=\"widget\" data-widget_type=\"call-to-action.default\">\n\t\t\t\t<div class=\"elementor-widget-container\">\n\t\t\t\t\t\t\t<div class=\"elementor-cta\">\n\t\t\t\t\t<div class=\"elementor-cta__bg-wrapper\">\n\t\t\t\t<div class=\"elementor-cta__bg elementor-bg\" style=\"background-image: url(https:\/\/albanify.com\/wp-content\/uploads\/2025\/06\/image-restaurants.webp);\" role=\"img\" aria-label=\"image-restaurants\"><\/div>\n\t\t\t\t<div class=\"elementor-cta__bg-overlay\"><\/div>\n\t\t\t<\/div>\n\t\t\t\t\t\t\t\t<\/div>\n\t\t\t\t\t\t<\/div>\n\t\t\t\t<\/div>\n\t\t\t\t<div class=\"elementor-element elementor-element-f4e38bb elementor-widget elementor-widget-heading\" data-id=\"f4e38bb\" data-element_type=\"widget\" data-e-type=\"widget\" data-widget_type=\"heading.default\">\n\t\t\t\t<div class=\"elementor-widget-container\">\n\t\t\t\t\t<h4 class=\"elementor-heading-title elementor-size-default\"><a href=\"#\">Restaurants<\/a><\/h4>\t\t\t\t<\/div>\n\t\t\t\t<\/div>\n\t\t\t\t<div class=\"elementor-element elementor-element-8f9c08f elementor-widget elementor-widget-text-editor\" data-id=\"8f9c08f\" data-element_type=\"widget\" data-e-type=\"widget\" data-widget_type=\"text-editor.default\">\n\t\t\t\t<div class=\"elementor-widget-container\">\n\t\t\t\t\t\t\t\t\t<p>Traditional \/ Modern<\/p>\t\t\t\t\t\t\t\t<\/div>\n\t\t\t\t<\/div>\n\t\t\t\t<div class=\"elementor-element elementor-element-b8d1635 elementor-align-center elementor-widget elementor-widget-button\" data-id=\"b8d1635\" data-element_type=\"widget\" data-e-type=\"widget\" data-settings=\"{&quot;_animation&quot;:&quot;none&quot;}\" data-widget_type=\"button.default\">\n\t\t\t\t<div class=\"elementor-widget-container\">\n\t\t\t\t\t\t\t\t\t<div class=\"elementor-button-wrapper\">\n\t\t\t\t\t<a class=\"elementor-button elementor-button-link elementor-size-sm\" href=\"#\">\n\t\t\t\t\t\t<span class=\"elementor-button-content-wrapper\">\n\t\t\t\t\t\t\t\t\t<span class=\"elementor-button-text\">Explore<\/span>\n\t\t\t\t\t<\/span>\n\t\t\t\t\t<\/a>\n\t\t\t\t<\/div>\n\t\t\t\t\t\t\t\t<\/div>\n\t\t\t\t<\/div>\n\t\t\t\t<\/div>\n\t\t<div class=\"elementor-element elementor-element-1bece67 e-con-full animated-slow e-flex elementor-invisible e-con e-child\" data-id=\"1bece67\" data-element_type=\"container\" data-e-type=\"container\" data-settings=\"{&quot;background_background&quot;:&quot;classic&quot;,&quot;animation&quot;:&quot;fadeIn&quot;,&quot;animation_delay&quot;:40}\">\n\t\t\t\t<div class=\"elementor-element elementor-element-8944093 elementor-widget__width-inherit elementor-cta--skin-classic elementor-animated-content elementor-bg-transform elementor-bg-transform-zoom-in elementor-widget elementor-widget-call-to-action\" data-id=\"8944093\" data-element_type=\"widget\" data-e-type=\"widget\" data-widget_type=\"call-to-action.default\">\n\t\t\t\t<div class=\"elementor-widget-container\">\n\t\t\t\t\t\t\t<div class=\"elementor-cta\">\n\t\t\t\t\t<div class=\"elementor-cta__bg-wrapper\">\n\t\t\t\t<div class=\"elementor-cta__bg elementor-bg\" style=\"background-image: url(https:\/\/albanify.com\/wp-content\/uploads\/2025\/06\/coffee-bar.webp);\" role=\"img\" aria-label=\"coffee-bar\"><\/div>\n\t\t\t\t<div class=\"elementor-cta__bg-overlay\"><\/div>\n\t\t\t<\/div>\n\t\t\t\t\t\t\t\t<\/div>\n\t\t\t\t\t\t<\/div>\n\t\t\t\t<\/div>\n\t\t\t\t<div class=\"elementor-element elementor-element-5b939f9 elementor-widget elementor-widget-heading\" data-id=\"5b939f9\" data-element_type=\"widget\" data-e-type=\"widget\" data-widget_type=\"heading.default\">\n\t\t\t\t<div class=\"elementor-widget-container\">\n\t\t\t\t\t<h4 class=\"elementor-heading-title elementor-size-default\"><a href=\"#\">Cafe<\/a><\/h4>\t\t\t\t<\/div>\n\t\t\t\t<\/div>\n\t\t\t\t<div class=\"elementor-element elementor-element-678a696 elementor-widget elementor-widget-text-editor\" data-id=\"678a696\" data-element_type=\"widget\" data-e-type=\"widget\" data-widget_type=\"text-editor.default\">\n\t\t\t\t<div class=\"elementor-widget-container\">\n\t\t\t\t\t\t\t\t\t<p>Bar \u2013 Cafe<\/p>\t\t\t\t\t\t\t\t<\/div>\n\t\t\t\t<\/div>\n\t\t\t\t<div class=\"elementor-element elementor-element-a7ba1b9 elementor-align-center elementor-widget elementor-widget-button\" data-id=\"a7ba1b9\" data-element_type=\"widget\" data-e-type=\"widget\" data-settings=\"{&quot;_animation&quot;:&quot;none&quot;}\" data-widget_type=\"button.default\">\n\t\t\t\t<div class=\"elementor-widget-container\">\n\t\t\t\t\t\t\t\t\t<div class=\"elementor-button-wrapper\">\n\t\t\t\t\t<a class=\"elementor-button elementor-button-link elementor-size-sm\" href=\"#\">\n\t\t\t\t\t\t<span class=\"elementor-button-content-wrapper\">\n\t\t\t\t\t\t\t\t\t<span class=\"elementor-button-text\">Explore<\/span>\n\t\t\t\t\t<\/span>\n\t\t\t\t\t<\/a>\n\t\t\t\t<\/div>\n\t\t\t\t\t\t\t\t<\/div>\n\t\t\t\t<\/div>\n\t\t\t\t<\/div>\n\t\t<div class=\"elementor-element elementor-element-f4e4b44 e-con-full animated-slow e-flex elementor-invisible e-con e-child\" data-id=\"f4e4b44\" data-element_type=\"container\" data-e-type=\"container\" data-settings=\"{&quot;background_background&quot;:&quot;classic&quot;,&quot;animation&quot;:&quot;fadeIn&quot;,&quot;animation_delay&quot;:60}\">\n\t\t\t\t<div class=\"elementor-element elementor-element-0091639 elementor-widget__width-inherit elementor-cta--skin-classic elementor-animated-content elementor-bg-transform elementor-bg-transform-zoom-in elementor-widget elementor-widget-call-to-action\" data-id=\"0091639\" data-element_type=\"widget\" data-e-type=\"widget\" data-widget_type=\"call-to-action.default\">\n\t\t\t\t<div class=\"elementor-widget-container\">\n\t\t\t\t\t\t\t<div class=\"elementor-cta\">\n\t\t\t\t\t<div class=\"elementor-cta__bg-wrapper\">\n\t\t\t\t<div class=\"elementor-cta__bg elementor-bg\" style=\"background-image: url(https:\/\/albanify.com\/wp-content\/uploads\/2025\/06\/clubs-lounge.webp);\" role=\"img\" aria-label=\"clubs-lounge\"><\/div>\n\t\t\t\t<div class=\"elementor-cta__bg-overlay\"><\/div>\n\t\t\t<\/div>\n\t\t\t\t\t\t\t\t<\/div>\n\t\t\t\t\t\t<\/div>\n\t\t\t\t<\/div>\n\t\t\t\t<div class=\"elementor-element elementor-element-7d45671 elementor-widget elementor-widget-heading\" data-id=\"7d45671\" data-element_type=\"widget\" data-e-type=\"widget\" data-widget_type=\"heading.default\">\n\t\t\t\t<div class=\"elementor-widget-container\">\n\t\t\t\t\t<h4 class=\"elementor-heading-title elementor-size-default\"><a href=\"#\">Bar\/Clubs<\/a><\/h4>\t\t\t\t<\/div>\n\t\t\t\t<\/div>\n\t\t\t\t<div class=\"elementor-element elementor-element-c8dc4d6 elementor-widget elementor-widget-text-editor\" data-id=\"c8dc4d6\" data-element_type=\"widget\" data-e-type=\"widget\" data-widget_type=\"text-editor.default\">\n\t\t\t\t<div class=\"elementor-widget-container\">\n\t\t\t\t\t\t\t\t\t<p>Bar \/ Clubs \/ Lounge<\/p>\t\t\t\t\t\t\t\t<\/div>\n\t\t\t\t<\/div>\n\t\t\t\t<div class=\"elementor-element elementor-element-939d814 elementor-align-center elementor-widget elementor-widget-button\" data-id=\"939d814\" data-element_type=\"widget\" data-e-type=\"widget\" data-settings=\"{&quot;_animation&quot;:&quot;none&quot;}\" data-widget_type=\"button.default\">\n\t\t\t\t<div class=\"elementor-widget-container\">\n\t\t\t\t\t\t\t\t\t<div class=\"elementor-button-wrapper\">\n\t\t\t\t\t<a class=\"elementor-button elementor-button-link elementor-size-sm\" href=\"#\">\n\t\t\t\t\t\t<span class=\"elementor-button-content-wrapper\">\n\t\t\t\t\t\t\t\t\t<span class=\"elementor-button-text\">Explore<\/span>\n\t\t\t\t\t<\/span>\n\t\t\t\t\t<\/a>\n\t\t\t\t<\/div>\n\t\t\t\t\t\t\t\t<\/div>\n\t\t\t\t<\/div>\n\t\t\t\t<\/div>\n\t\t\t\t<\/div>\n\t\t\t\t<\/div>\n\t\t\t\t\t<\/div>\n\t\t\t\t<\/div>\n\t\t\t\t<\/div>","protected":false},"excerpt":{"rendered":"<p>Udh\u00ebto dhe exploro shijet EKSPLORO, SHIJO, DUAJE T\u00eb gjejm\u00eb restaurantin q\u00eb p\u00ebrshtatet me ty! Merr nj\u00eb shije t\u00eb paharrueshme nga [&hellip;]<\/p>\n","protected":false},"author":1,"featured_media":0,"parent":26,"menu_order":0,"comment_status":"closed","ping_status":"closed","template":"","meta":{"_acf_changed":false,"site-sidebar-layout":"no-sidebar","site-content-layout":"","ast-site-content-layout":"full-width-container","site-content-style":"default","site-sidebar-style":"default","ast-global-header-display":"","ast-banner-title-visibility":"","ast-main-header-display":"","ast-hfb-above-header-display":"","ast-hfb-below-header-display":"","ast-hfb-mobile-header-display":"","site-post-title":"disabled","ast-breadcrumbs-content":"","ast-featured-img":"disabled","footer-sml-layout":"","ast-disable-related-posts":"","theme-transparent-header-meta":"enabled","adv-header-id-meta":"","stick-header-meta":"","header-above-stick-meta":"","header-main-stick-meta":"","header-below-stick-meta":"","astra-migrate-meta-layouts":"default","ast-page-background-enabled":"default","ast-page-background-meta":{"desktop":{"background-color":"var(--ast-global-color-4)","background-image":"","background-repeat":"repeat","background-position":"center center","background-size":"auto","background-attachment":"scroll","background-type":"","background-media":"","overlay-type":"","overlay-color":"","overlay-opacity":"","overlay-gradient":""},"tablet":{"background-color":"","background-image":"","background-repeat":"repeat","background-position":"center center","background-size":"auto","background-attachment":"scroll","background-type":"","background-media":"","overlay-type":"","overlay-color":"","overlay-opacity":"","overlay-gradient":""},"mobile":{"background-color":"","background-image":"","background-repeat":"repeat","background-position":"center center","background-size":"auto","background-attachment":"scroll","background-type":"","background-media":"","overlay-type":"","overlay-color":"","overlay-opacity":"","overlay-gradient":""}},"ast-content-background-meta":{"desktop":{"background-color":"var(--ast-global-color-5)","background-image":"","background-repeat":"repeat","background-position":"center center","background-size":"auto","background-attachment":"scroll","background-type":"","background-media":"","overlay-type":"","overlay-color":"","overlay-opacity":"","overlay-gradient":""},"tablet":{"background-color":"var(--ast-global-color-5)","background-image":"","background-repeat":"repeat","background-position":"center center","background-size":"auto","background-attachment":"scroll","background-type":"","background-media":"","overlay-type":"","overlay-color":"","overlay-opacity":"","overlay-gradient":""},"mobile":{"background-color":"var(--ast-global-color-5)","background-image":"","background-repeat":"repeat","background-position":"center center","background-size":"auto","background-attachment":"scroll","background-type":"","background-media":"","overlay-type":"","overlay-color":"","overlay-opacity":"","overlay-gradient":""}},"footnotes":""},"class_list":["post-1569","page","type-page","status-publish","hentry"],"acf":[],"yoast_head":"<!-- This site is optimized with the Yoast SEO plugin v27.3 - https:\/\/yoast.com\/product\/yoast-seo-wordpress\/ -->\n<title>Coffee - Restaurants - Vlor\u00eb - Albanify.com<\/title>\n<meta name=\"robots\" content=\"index, follow, max-snippet:-1, max-image-preview:large, max-video-preview:-1\" \/>\n<link rel=\"canonical\" href=\"https:\/\/albanify.com\/en\/visit-vlora\/best-bar-restaurants-vlora\/\" \/>\n<meta property=\"og:locale\" content=\"en_US\" \/>\n<meta property=\"og:type\" content=\"article\" \/>\n<meta property=\"og:title\" content=\"Coffee - Restaurants - Vlor\u00eb - Albanify.com\" \/>\n<meta property=\"og:description\" content=\"Udh\u00ebto dhe exploro shijet EKSPLORO, SHIJO, DUAJE T\u00eb gjejm\u00eb restaurantin q\u00eb p\u00ebrshtatet me ty! Merr nj\u00eb shije t\u00eb paharrueshme nga [&hellip;]\" \/>\n<meta property=\"og:url\" content=\"https:\/\/albanify.com\/en\/visit-vlora\/best-bar-restaurants-vlora\/\" \/>\n<meta property=\"article:modified_time\" content=\"2025-12-06T15:10:19+00:00\" \/>\n<meta property=\"og:image\" content=\"https:\/\/albanify.com\/wp-content\/uploads\/2025\/11\/logo.webp\" \/>\n\t<meta property=\"og:image:width\" content=\"1202\" \/>\n\t<meta property=\"og:image:height\" content=\"288\" \/>\n\t<meta property=\"og:image:type\" content=\"image\/webp\" \/>\n<meta name=\"twitter:card\" content=\"summary_large_image\" \/>\n<meta name=\"twitter:label1\" content=\"Est. reading time\" \/>\n\t<meta name=\"twitter:data1\" content=\"1 minute\" \/>\n<script type=\"application\/ld+json\" class=\"yoast-schema-graph\">{\"@context\":\"https:\\\/\\\/schema.org\",\"@graph\":[{\"@type\":\"WebPage\",\"@id\":\"https:\\\/\\\/albanify.com\\\/visit-vlora\\\/best-bar-restaurants-vlora\\\/\",\"url\":\"https:\\\/\\\/albanify.com\\\/visit-vlora\\\/best-bar-restaurants-vlora\\\/\",\"name\":\"Coffee - Restaurants - Vlor\u00eb - Albanify.com\",\"isPartOf\":{\"@id\":\"https:\\\/\\\/albanify.com\\\/#website\"},\"datePublished\":\"2025-06-07T15:58:37+00:00\",\"dateModified\":\"2025-12-06T15:10:19+00:00\",\"breadcrumb\":{\"@id\":\"https:\\\/\\\/albanify.com\\\/visit-vlora\\\/best-bar-restaurants-vlora\\\/#breadcrumb\"},\"inLanguage\":\"en-US\",\"potentialAction\":[{\"@type\":\"ReadAction\",\"target\":[\"https:\\\/\\\/albanify.com\\\/visit-vlora\\\/best-bar-restaurants-vlora\\\/\"]}]},{\"@type\":\"BreadcrumbList\",\"@id\":\"https:\\\/\\\/albanify.com\\\/visit-vlora\\\/best-bar-restaurants-vlora\\\/#breadcrumb\",\"itemListElement\":[{\"@type\":\"ListItem\",\"position\":1,\"name\":\"Home\",\"item\":\"https:\\\/\\\/albanify.com\\\/\"},{\"@type\":\"ListItem\",\"position\":2,\"name\":\"Vlora\",\"item\":\"https:\\\/\\\/albanify.com\\\/visit-vlora\\\/\"},{\"@type\":\"ListItem\",\"position\":3,\"name\":\"Coffee &#8211; Restaurants\"}]},{\"@type\":\"WebSite\",\"@id\":\"https:\\\/\\\/albanify.com\\\/#website\",\"url\":\"https:\\\/\\\/albanify.com\\\/\",\"name\":\"Albanify.com\",\"description\":\"Explore Albania - Visit Albania\",\"publisher\":{\"@id\":\"https:\\\/\\\/albanify.com\\\/#organization\"},\"alternateName\":\"Explore Albania - Visit Albania - Albanify\",\"potentialAction\":[{\"@type\":\"SearchAction\",\"target\":{\"@type\":\"EntryPoint\",\"urlTemplate\":\"https:\\\/\\\/albanify.com\\\/?s={search_term_string}\"},\"query-input\":{\"@type\":\"PropertyValueSpecification\",\"valueRequired\":true,\"valueName\":\"search_term_string\"}}],\"inLanguage\":\"en-US\"},{\"@type\":\"Organization\",\"@id\":\"https:\\\/\\\/albanify.com\\\/#organization\",\"name\":\"Albanify.com\",\"url\":\"https:\\\/\\\/albanify.com\\\/\",\"logo\":{\"@type\":\"ImageObject\",\"inLanguage\":\"en-US\",\"@id\":\"https:\\\/\\\/albanify.com\\\/#\\\/schema\\\/logo\\\/image\\\/\",\"url\":\"https:\\\/\\\/albanify.com\\\/wp-content\\\/uploads\\\/2025\\\/08\\\/albanify-logo.png\",\"contentUrl\":\"https:\\\/\\\/albanify.com\\\/wp-content\\\/uploads\\\/2025\\\/08\\\/albanify-logo.png\",\"width\":622,\"height\":92,\"caption\":\"Albanify.com\"},\"image\":{\"@id\":\"https:\\\/\\\/albanify.com\\\/#\\\/schema\\\/logo\\\/image\\\/\"},\"sameAs\":[\"https:\\\/\\\/www.instagram.com\\\/albanify.com_\\\/\"]}]}<\/script>\n<!-- \/ Yoast SEO plugin. -->","yoast_head_json":{"title":"Coffee - Restaurants - Vlor\u00eb - Albanify.com","robots":{"index":"index","follow":"follow","max-snippet":"max-snippet:-1","max-image-preview":"max-image-preview:large","max-video-preview":"max-video-preview:-1"},"canonical":"https:\/\/albanify.com\/en\/visit-vlora\/best-bar-restaurants-vlora\/","og_locale":"en_US","og_type":"article","og_title":"Coffee - Restaurants - Vlor\u00eb - Albanify.com","og_description":"Udh\u00ebto dhe exploro shijet EKSPLORO, SHIJO, DUAJE T\u00eb gjejm\u00eb restaurantin q\u00eb p\u00ebrshtatet me ty! Merr nj\u00eb shije t\u00eb paharrueshme nga [&hellip;]","og_url":"https:\/\/albanify.com\/en\/visit-vlora\/best-bar-restaurants-vlora\/","article_modified_time":"2025-12-06T15:10:19+00:00","og_image":[{"width":1202,"height":288,"url":"https:\/\/albanify.com\/wp-content\/uploads\/2025\/11\/logo.webp","type":"image\/webp"}],"twitter_card":"summary_large_image","twitter_misc":{"Est. reading time":"1 minute"},"schema":{"@context":"https:\/\/schema.org","@graph":[{"@type":"WebPage","@id":"https:\/\/albanify.com\/visit-vlora\/best-bar-restaurants-vlora\/","url":"https:\/\/albanify.com\/visit-vlora\/best-bar-restaurants-vlora\/","name":"Coffee - Restaurants - Vlor\u00eb - Albanify.com","isPartOf":{"@id":"https:\/\/albanify.com\/#website"},"datePublished":"2025-06-07T15:58:37+00:00","dateModified":"2025-12-06T15:10:19+00:00","breadcrumb":{"@id":"https:\/\/albanify.com\/visit-vlora\/best-bar-restaurants-vlora\/#breadcrumb"},"inLanguage":"en-US","potentialAction":[{"@type":"ReadAction","target":["https:\/\/albanify.com\/visit-vlora\/best-bar-restaurants-vlora\/"]}]},{"@type":"BreadcrumbList","@id":"https:\/\/albanify.com\/visit-vlora\/best-bar-restaurants-vlora\/#breadcrumb","itemListElement":[{"@type":"ListItem","position":1,"name":"Home","item":"https:\/\/albanify.com\/"},{"@type":"ListItem","position":2,"name":"Vlora","item":"https:\/\/albanify.com\/visit-vlora\/"},{"@type":"ListItem","position":3,"name":"Coffee &#8211; Restaurants"}]},{"@type":"WebSite","@id":"https:\/\/albanify.com\/#website","url":"https:\/\/albanify.com\/","name":"Albanify.com","description":"Explore Albania - Visit Albania","publisher":{"@id":"https:\/\/albanify.com\/#organization"},"alternateName":"Explore Albania - Visit Albania - Albanify","potentialAction":[{"@type":"SearchAction","target":{"@type":"EntryPoint","urlTemplate":"https:\/\/albanify.com\/?s={search_term_string}"},"query-input":{"@type":"PropertyValueSpecification","valueRequired":true,"valueName":"search_term_string"}}],"inLanguage":"en-US"},{"@type":"Organization","@id":"https:\/\/albanify.com\/#organization","name":"Albanify.com","url":"https:\/\/albanify.com\/","logo":{"@type":"ImageObject","inLanguage":"en-US","@id":"https:\/\/albanify.com\/#\/schema\/logo\/image\/","url":"https:\/\/albanify.com\/wp-content\/uploads\/2025\/08\/albanify-logo.png","contentUrl":"https:\/\/albanify.com\/wp-content\/uploads\/2025\/08\/albanify-logo.png","width":622,"height":92,"caption":"Albanify.com"},"image":{"@id":"https:\/\/albanify.com\/#\/schema\/logo\/image\/"},"sameAs":["https:\/\/www.instagram.com\/albanify.com_\/"]}]}},"_links":{"self":[{"href":"https:\/\/albanify.com\/en\/wp-json\/wp\/v2\/pages\/1569","targetHints":{"allow":["GET"]}}],"collection":[{"href":"https:\/\/albanify.com\/en\/wp-json\/wp\/v2\/pages"}],"about":[{"href":"https:\/\/albanify.com\/en\/wp-json\/wp\/v2\/types\/page"}],"author":[{"embeddable":true,"href":"https:\/\/albanify.com\/en\/wp-json\/wp\/v2\/users\/1"}],"replies":[{"embeddable":true,"href":"https:\/\/albanify.com\/en\/wp-json\/wp\/v2\/comments?post=1569"}],"version-history":[{"count":47,"href":"https:\/\/albanify.com\/en\/wp-json\/wp\/v2\/pages\/1569\/revisions"}],"predecessor-version":[{"id":1628,"href":"https:\/\/albanify.com\/en\/wp-json\/wp\/v2\/pages\/1569\/revisions\/1628"}],"up":[{"embeddable":true,"href":"https:\/\/albanify.com\/en\/wp-json\/wp\/v2\/pages\/26"}],"wp:attachment":[{"href":"https:\/\/albanify.com\/en\/wp-json\/wp\/v2\/media?parent=1569"}],"curies":[{"name":"wp","href":"https:\/\/api.w.org\/{rel}","templated":true}]}}